{"id":11,"date":"2020-04-29T09:50:34","date_gmt":"2020-04-29T09:50:34","guid":{"rendered":"http:\/\/brandhill.de\/?page_id=11"},"modified":"2021-09-30T10:07:58","modified_gmt":"2021-09-30T10:07:58","slug":"home","status":"publish","type":"page","link":"http:\/\/brandhill.de\/","title":{"rendered":""},"content":{"rendered":"\n<p class=\"has-small-font-size\"><strong>wir machen<\/strong><\/p>\n\n\n\n<p style=\"font-size:29px\"><strong>Strategieberatung<br>Produktkonzeption<br>Markenentwicklung<br>Vermarktung<br>Kommunikation<\/strong><\/p>\n\n\n\n<p><\/p>\n\n\n\n<p class=\"has-small-font-size\"><strong>f\u00fcr<\/strong><\/p>\n\n\n\n<p style=\"font-size:23px\"><strong>Lebensmittel Gesundheitsprodukte und vieles mehr<\/strong><\/p>\n\n\n\n<p class=\"has-medium-font-size\"><strong>EXPERTISE: <strong>Pretzfelder Fruchtsaftkelterei <\/strong><\/strong>. <strong>Raab Vitalfood . <strong>Hopster .<\/strong><\/strong> <strong>Raspa .<\/strong> <strong><strong>Kondrauer Mineralbrunnen<\/strong> . <strong>Hochschule Offenburg .<\/strong><\/strong> <strong>Vitorgan . Hipp . Congress- und Tourismus Zentrale N\u00fcrnberg . Fahrradecke Erlangen . Obstgro\u00dfmarkt Fr\u00e4nkische Schweiz eG . <strong>Haufe Akademie .<\/strong><\/strong> <strong>Lebkuchengeschenke.de . Spezialit\u00e4tenversand Matthias Stielfried . Edelbrennerei Haas . Decouvie . Quantamin . Burda . Pureveda . Neuform . Danone . Wassersommelier Union . Bayer System Schreinerei . Silvano Mode . Feine Heimat . Reiner Markgraf Stiftung . ecopeople . Novacur . Longhorn Distillery . Texas Longhorn Ranch . Fontaine Nahrungsmittel . Spedition Martin . Physio-FR . Landrover . Kohler Automobile . Spedition Ihro . Ayunova . AMF Herbal . DR-Digitaldruck . BFA. Sch\u00f6ller Eiskrem . Knorr . Nestl\u00e9 . VBM . HUGO . Unilever . Rosengarten . Tartex . Raumfahrtinitiative Deutschland . VBM . Novartis . Nordzucker . Sch\u00f6ller Direkt . XXXLutz . M\u00f6max . H\u00fcbner Vital . Fritz Stenger Holzhaus . Silicea . Sikapur . Aiwa . FC Bayern M\u00fcnchen . Charmant . Hugo Boss . Esprit . Elle . Konica .  Sony . Franck Mueller . EADS . MAN . <strong>Synthezeyes<\/strong><\/strong> . <strong>Zeiss . ESA . SVG . uvm &#8230;<\/strong><\/p>\n\n\n\n<p><\/p>\n\n\n\n<p class=\"has-small-font-size\"><strong>hier<\/strong><\/p>\n\n\n\n<p class=\"has-medium-font-size\"><strong>Lebensmittel <strong>. Natur-Heilmittel<\/strong><\/strong> <strong>. Getr\u00e4nke . Gesundheit . Pharma . OTC . Phyto . M\u00f6bel . Haushalt . Chemie . Nonprofit . Druck . Verlage . Verb\u00e4nde . Stiftungen . Weiterbildung . Handwerk . Fashion . Luxury . Sport . Freizeit . Automobil \/\/ Lebensmitteleinzelhandel . Getr\u00e4nkefachhandel . Grosshandel . Apotheke . Reformhaus . Biofachmarkt . Drogerie . Gastronomie . Systemgastronomie . Out of Home . Freizeit . Tankstelle . Fachhandel . Versandhandel<\/strong><\/p>\n\n\n\n<p><\/p>\n","protected":false},"excerpt":{"rendered":"<p>wir machen StrategieberatungProduktkonzeptionMarkenentwicklungVermarktungKommunikation f\u00fcr Lebensmittel Gesundheitsprodukte und vieles mehr EXPERTISE: Pretzfelder Fruchtsaftkelterei . Raab Vitalfood . Hopster . Raspa . Kondrauer Mineralbrunnen . Hochschule Offenburg . Vitorgan . Hipp . Congress- und Tourismus Zentrale N\u00fcrnberg . Fahrradecke Erlangen . Obstgro\u00dfmarkt Fr\u00e4nkische Schweiz eG . Haufe Akademie . Lebkuchengeschenke.de . Spezialit\u00e4tenversand Matthias Stielfried . Edelbrennerei Haas &hellip; <\/p>\n<p class=\"link-more\"><a href=\"http:\/\/brandhill.de\/\" class=\"more-link\"><span class=\"screen-reader-text\">\u201e\u201c<\/span> weiterlesen<\/a><\/p>\n","protected":false},"author":1,"featured_media":0,"parent":0,"menu_order":0,"comment_status":"closed","ping_status":"closed","template":"","meta":[],"_links":{"self":[{"href":"http:\/\/brandhill.de\/index.php?rest_route=\/wp\/v2\/pages\/11"}],"collection":[{"href":"http:\/\/brandhill.de\/index.php?rest_route=\/wp\/v2\/pages"}],"about":[{"href":"http:\/\/brandhill.de\/index.php?rest_route=\/wp\/v2\/types\/page"}],"author":[{"embeddable":true,"href":"http:\/\/brandhill.de\/index.php?rest_route=\/wp\/v2\/users\/1"}],"replies":[{"embeddable":true,"href":"http:\/\/brandhill.de\/index.php?rest_route=%2Fwp%2Fv2%2Fcomments&post=11"}],"version-history":[{"count":26,"href":"http:\/\/brandhill.de\/index.php?rest_route=\/wp\/v2\/pages\/11\/revisions"}],"predecessor-version":[{"id":98,"href":"http:\/\/brandhill.de\/index.php?rest_route=\/wp\/v2\/pages\/11\/revisions\/98"}],"wp:attachment":[{"href":"http:\/\/brandhill.de\/index.php?rest_route=%2Fwp%2Fv2%2Fmedia&parent=11"}],"curies":[{"name":"wp","href":"https:\/\/api.w.org\/{rel}","templated":true}]}}