{"id":26,"date":"2020-04-29T10:21:03","date_gmt":"2020-04-29T10:21:03","guid":{"rendered":"http:\/\/brandhill.de\/?page_id=26"},"modified":"2020-04-29T10:21:03","modified_gmt":"2020-04-29T10:21:03","slug":"agb","status":"publish","type":"page","link":"http:\/\/brandhill.de\/?page_id=26","title":{"rendered":"AGB"},"content":{"rendered":"\n<p><strong>www.brandhill.de ist eine Seite der<br>IDEENHEIMAT<br>Marketingberatung und Werbeagentur<br>Alexander Hill<\/strong><\/p>\n\n\n\n<p><strong>Pr\u00e4ambel<\/strong><\/p>\n\n\n\n<p>Diese Allgemeinen Gesch\u00e4ftsbedingungen enthalten allgemein branchen\u00fcbliche und anerkannte Regeln und sind f\u00fcr die reibungslose Zusammenarbeit zwischen Alexander Hill . Marketingberatung und Werbeagentur (nachstehend \u201eAgentur\u201c) und ihren Auftraggebern (nachstehend \u201eWerbetreibende\u201c) zu verstehen. F\u00fcr den Vertrag gelten ausschlie\u00dflich unsere AGB; andere Bedingungen werden nicht Vertragsinhalt, auch wenn wir ihnen nicht mehr widersprechen.<\/p>\n\n\n\n<p><strong>\u00a7 1 Pflichten der Agentur<\/strong><\/p>\n\n\n\n<p>1. Die Agentur verpflichtet sich, alle ihr im Rahmen der Zusammenarbeit mit dem Kunden zur Kenntnis gelangende Gesch\u00e4ftsgeheimnisse mit der Sorgfalt eines ordentlichen Kaufmannes zu wahren und alle diesbez\u00fcglichen Informationen und Unterlagen vertraulich zu behandeln.<\/p>\n\n\n\n<p><strong>\u00a7 2 Arbeitsweise der Agentur<\/strong><\/p>\n\n\n\n<p>Die Agentur arbeitet als selbstst\u00e4ndiges, unabh\u00e4ngiges Unternehmen nach treuh\u00e4ndlerischen Gesichtspunkten. Sie ist bem\u00fcht, entsprechend der Aufgaben- und Termin-vorgabe des Werbetreibenden, die f\u00fcr die Erf\u00fcllung des Auftrages erforderlichen personellen und sachlichen Voraussetzungen bereitzustellen, in der Beratung absolute Objektivit\u00e4t zu wahren und die Interessen des Werbetreibenden \u2013 insbesondere auch bei der Auswahl und Beauftragung Dritter \u2013 in jeder m\u00f6glichen Form zu beachten.<\/p>\n\n\n\n<p><strong>\u00a7 3 Auftragsdurchf\u00fchrung<\/strong><\/p>\n\n\n\n<p>1. Bei Auftragsdurchf\u00fchrung ist die Agentur verpflichtet, sich hinsichtlich der zu treffenden Ma\u00dfnahmen mit dem Werbetreibenden abzustimmen und ihm die Entw\u00fcrfe f\u00fcr die vorgeschlagenen Werbemittel, die eingeholten Kostenvoranschl\u00e4ge und Terminpl\u00e4ne zur Bewilligung vorzulegen (physisch oder online).<\/p>\n\n\n\n<p>2. Die Werbeagentur \u00fcberwacht die ordnungsgem\u00e4\u00dfe Durchf\u00fchrung aller Werbema\u00dfnahmen. Es steht im Ermessen der Agentur, f\u00fcr die Ausf\u00fchrung ihrer Grundleistungen ihr geeignet erscheinende Dritte heranzuziehen.<\/p>\n\n\n\n<p>3. Werden von der Agentur im Zuge der Produktionsentwicklung Fremdangebote herangeholt, jedoch der Auftrag des Kunden anderweitig vergeben, so berechnet die Agentur die f\u00fcr die Angebotseinholung aufgewendeten Leistungen nach Zeit und Kostenaufwand.<\/p>\n\n\n\n<p>4. Wird ein Fremdauftrag \u00fcber die Agentur abgewickelt, berechnet sie 15% des Auftragswertes als Bearbeitungspauschale. Anderweitige Vereinbarungen k\u00f6nnen schriftlich getroffen werden. F\u00fcr Auftr\u00e4ge, die im Namen und auf Rechnung des Werbetreibenden erteilt werden, \u00fcbernimmt die Agentur gegen\u00fcber dem Werbedurchf\u00fchrenden keinerlei Haftung. Die Agentur tritt lediglich als Mittlerin auf.<\/p>\n\n\n\n<p><strong>\u00a7 4 Pr\u00e4sentation<\/strong><\/p>\n\n\n\n<p>1. Wird die Agentur mit einer Pr\u00e4sentation oder einem Entwurf beauftragt, so erkennt der Werbetreibende damit an, dass die Ausarbeitung der Konzeption angemessen zu honorieren ist.<\/p>\n\n\n\n<p>2. Wurde ein Honorar nicht vereinbart, so gilt die vorgelegte Preisliste der Agentur (bzw. branchen\u00fcbliche Honorarforderung). Es wird dann nach Stundenaufwand abgerechnet.<\/p>\n\n\n\n<p>3. Die Agentur kann, wenn dies nicht ausdr\u00fccklich schriftlich vereinbart wird, in keinem Fall unverbindlich und kostenlos arbeiten, auch nicht bei Nichtverwendung der eingereichten Ausarbeitung oder erfolgten Beratung.<\/p>\n\n\n\n<p><strong>\u00a7 5 Pflichten des Werbetreibenden<\/strong><\/p>\n\n\n\n<p>Der Werbetreibende verpflichtet sich, der Agentur die zur Ver\u00f6ffentlichung oder Vervielf\u00e4ltigung freigegebenen Vorlagen wie Fotos, Modelle und sonstige Arbeitsunterlagen kostenfrei zu \u00fcbergeben.<\/p>\n\n\n\n<p><strong>\u00a7 6 Honorar<\/strong><\/p>\n\n\n\n<p>1. Sofern die Honorierung der Agentur nicht durch ein m\u00fcndliches oder schriftliches Angebot geregelt ist, geschieht diese nach den Richtlinien des Bundesverbandes der Werbeagenturen bzw. auf der jeweils g\u00fcltigen Berechnungsgrundlage der Agentur, die auf Wunsch \u00fcbersandt wird (Preisliste \u00a74.2)<\/p>\n\n\n\n<p>2. Im Agenturhonorar sind die Leistungen f\u00fcr Konzeption, Werbevorbereitung, Recherche, Werbeplanung, Werbegestaltung enthalten. Separat berechnet werden: Mediaplanung, Materialien, Reinzeichnungen, \u00dcbersetzungen, Organisations- und Beschaffungskosten, Urheberrechts\u00fcbertragungen sowie technische Kosten wie Satz, Zwischenaufnahmen, Fotos, Fotoabz\u00fcge, Werkzeugkosten und Herstellung von Werbemitteln. Leistungen hinzugezogener Spezialunternehmen (Marktforschung etc.) werden je nach entsprechendem Aufwand berechnet.<\/p>\n\n\n\n<p>3. Die Agentur ist in jedem Fall berechtigt, angemessene Abschlagszahlungen zu verlangen, deren H\u00f6he sich am Verh\u00e4ltnis zwischen den erbrachten Leistungen und dem Gesamtumfang der vertraglich geschuldeten Leistung orientiert.<\/p>\n\n\n\n<p>4. Kommt eine von der Agentur ausgearbeitete und vom Werbetreibenden genehmigter Auftrag aus Gr\u00fcnden, welche die Agentur nicht zu vertreten hat, nicht zur Durchf\u00fchrung, so hat die Agentur Anspruch auf eine pauschale Abgeltung der bis dahin erbrachten Leistungen und Aufwendungen von 30% der betroffenen Honorarvereinbarung, es sei denn, die Agentur weist ein h\u00f6heres angefallenes Honorar f\u00fcr erbrachte Leistungen und Aufwendungen nach. Soweit die Werbetreibenden Verbraucher sind, wird ihnen einger\u00e4umt, den Nachweis zu erbringen, ein Schaden oder eine Wertminderung sei \u00fcberhaupt nicht entstanden oder wesentlich niedriger als die Pauschale.<\/p>\n\n\n\n<p>5. Bei Beschaffung von Werbemitteln (Werbegeschenke, Incentives, Give-aways usw.) Fremdschaltungen von Media, wie Anzeigen, Funk- oder TV-Spots, Plakatschaltung, Online-werbung und Sponsoring sowie bei Druckauftr\u00e4gen berechnet die Agentur in der Regel 15% vom Schaltwert, bzw. Wert oder Druckpreis f\u00fcr die Recherche, Abstimmung, Datenaufbereitung, Organisation und Handling.<\/p>\n\n\n\n<p><strong>\u00a7 7 Auftragsannahme<\/strong><\/p>\n\n\n\n<p>Ein der Agentur schriftlich oder m\u00fcndlich erteilter Auftrag gilt als angenommen, wenn die Agentur die Annahme best\u00e4tigt, oder innerhalb von 14 Tagen nach Auftragserteilung nicht schriftlich ablehnt.<\/p>\n\n\n\n<p><strong>\u00a7 8 Nutzungsrechte<\/strong><\/p>\n\n\n\n<p>Nutzungs- und sonstige Rechte an den eingereichten Vorschl\u00e4gen gehen nur insoweit auf den Werbetreibenden \u00fcber, als dies aus der anf\u00e4nglichen Aufgabenstellung hervorgeht (Vertriebsgebiet, Auflagen, Zeitr\u00e4ume etc.), ansonsten sind sie gesondert zu regeln, bis dahin bleiben alle Rechte bei der Agentur.<\/p>\n\n\n\n<p><strong>\u00a7 9 Eintragungs- und Schutzf\u00e4higkeit<\/strong><\/p>\n\n\n\n<p>F\u00fcr die Eintragungs- und Schutzf\u00e4higkeit von Entw\u00fcrfen wird die Gew\u00e4hr seitens der Agentur nur nach besonderer Vereinbarung \u00fcbernommen.<\/p>\n\n\n\n<p><strong>\u00a7 10 Verwendung der Entw\u00fcrfe<\/strong><\/p>\n\n\n\n<p>Der Werbetreibende ist nicht berechtigt, die von der Agentur im Angebotsstadium eingereichten Vorschl\u00e4ge zu verwenden und zwar unabh\u00e4ngig davon, ob sie urheberrechtlich gesch\u00fctzt sind oder nicht. Dies gilt auch f\u00fcr eine Verwendung in abgewandelter Form oder durch Dritte.<\/p>\n\n\n\n<p><strong>\u00a7 11 Haftung<\/strong><\/p>\n\n\n\n<p>1. Die Agentur haftet nur f\u00fcr Vorsatz.<\/p>\n\n\n\n<p>2. Terminvereinbarungen mit der Agentur werden mit der allgemeinen Sorgfalt eines ordentlichen Kaufmannes beachtet.<\/p>\n\n\n\n<p>3. Reine Fixgesch\u00e4fte bed\u00fcrfen einer besonderen Vereinbarung. Andernfalls ist die Agentur lediglich zur nachtr\u00e4glichen ordnungsgem\u00e4\u00dfen Leistung verpflichtet. Eine Stornierung des Auftrages ist nur aus wichtigem Grund m\u00f6glich.<\/p>\n\n\n\n<p>4. Nach der Druckfreigabe durch den Werbetreibenden ist die Agentur von jeder Verantwortung f\u00fcr die Richtigkeit der vorgelegten Unterlagen befreit.<\/p>\n\n\n\n<p>5. So weit der Werbetreibende von sich aus Korrekturen nach der Druckfreigabe vornehmen l\u00e4sst, entf\u00e4llt jede Haftung der Agentur.<\/p>\n\n\n\n<p>6. Eine Haftung f\u00fcr die wettbewerbsrechtliche Unbedenklichkeit einer Werbung kann nicht \u00fcbernommen werden, insbesondere ist die Agentur nicht verpflichtet, jeden Entwurf vorher juristisch \u00fcberpr\u00fcfen zu lassen. Eine juristische Pr\u00fcfung kann auf Wunsch des Auftraggebers kostenpflichtig durch einen wettbewerbsrechtlich versierten Anwalt erfolgen.<\/p>\n\n\n\n<p><strong>\u00a7 12 Verwendung<\/strong><\/p>\n\n\n\n<p>1. Mit der Zahlung des Agenturhonorars einschlie\u00dflich der Lizenz f\u00fcr die \u00dcbertragung des Vervielf\u00e4ltigungsrechts erwirbt der Werbetreibende nur das Recht zur Vervielf\u00e4ltigung der Arbeit im vereinbarten Umfang und zu dem vereinbarten speziellen Zweck.<\/p>\n\n\n\n<p>2. Geht die Verwendung \u00fcber den vereinbarten Umfang und Zweck hinaus ist eine neuerliche Vereinbarung sowie eine zus\u00e4tzliche Honorierung erforderlich.<\/p>\n\n\n\n<p>3. Auslandsrechte oder Rechte f\u00fcr weitere Auflagen gelten nicht als mit \u00fcbertragen, sofern nicht eine besondere schriftliche Vereinbarung erfolgt.<\/p>\n\n\n\n<p>4. Vorentw\u00fcrfe und Entw\u00fcrfe bleiben nach geltendem Urheberrecht Eigentum der Agentur und sind auf Wunsch in angemessener Frist nach Beendigung des Auftrags zur\u00fcckzugeben. F\u00fcr Besch\u00e4digungen haftet der Werbetreibende.<\/p>\n\n\n\n<p>5. Ist entgegen der Regel schriftlich eine reine Auftragsarbeit vereinbart, so erh\u00e4lt der Kunde lediglich die endg\u00fcltige Druckdatei in einer Ebene zum vereinbarten Zweck. S\u00e4mtliche Zwischenst\u00e4nde sowie native (offene) Dateien oder Vektorgrafiken bleiben das Eigentum der Agentur.<\/p>\n\n\n\n<p>6. Die Verwendung von Gestaltungselementen, welche auf einem von der Agentur entwickelten Designkonzept beruhen, d\u00fcrfen nur mit schriftlicher Genehmigung der Agentur au\u00dferhalb von Agenturauftr\u00e4gen genutzt werden. S\u00e4mtliche Copyrights verbleiben bei der Agentur.<\/p>\n\n\n\n<p>7. Die Agentur ist berechtigt, die von ihr gestellten Werbemittel zu signieren und in ihrer Eigenwerbung zu verwenden, sowie auf die Betreuung des Werbetreibenden hinzuweisen.<\/p>\n\n\n\n<p>8. Die obligatorischen Belegexemplare sind der Agentur nach Fertigstellung ohne besondere Aufforderung zu \u00fcbergeben.<\/p>\n\n\n\n<p>9. Unterlagen abgewickelter Auftr\u00e4ge werden durch die Agentur 1 Jahr ab Rechnungsdatum aufbewahrt, danach ohne andere Weisung des Auftragnehmers vernichtet.<\/p>\n\n\n\n<p><strong>\u00a7 13 F\u00e4lligkeit und Verzug<\/strong><\/p>\n\n\n\n<p>1. Das Agenturhonorar incl. evtl. verauslagter Kosten zuz\u00fcglich der g\u00fcltigen Mehrwertsteuer ist nach Rechnungsstellung ohne Abzug innerhalb von 7 Tagen zu zahlen. Vorauszahlungen werden projektweise gesondert und schriftlich vereinbart.<\/p>\n\n\n\n<p>2. Werbemittelrechnungen und Anzeigenrechnungen sind sofort nach \u00dcbermittlung durch die Agentur an den Werbetreibenden ohne Abzug f\u00e4llig. Vorauszahlungen werden projektweise gesondert und schriftlich vereinbart.<\/p>\n\n\n\n<p>3. Ziel\u00fcberschreitungen werden mit 8 % Verzugszinsen \u00fcber dem jeweiligen Diskontsatz der Deutschen Bundesbank berechnet.<\/p>\n\n\n\n<p>4. Die Geltendmachung eines weiteren Verzugsschadens bleibt ausdr\u00fccklich vorbehalten.<\/p>\n\n\n\n<p><strong>\u00a7 14 Salvatorische Klausel<\/strong><\/p>\n\n\n\n<p>Die Nichtigkeit einzelner Formulierungen dieser Allgemeinen Gesch\u00e4ftsbedingungen ber\u00fchrt nicht die Wirksamkeit im \u00dcbrigen.<\/p>\n\n\n\n<p><strong>\u00a7 15 Gerichtsstand<\/strong><\/p>\n\n\n\n<p>Erf\u00fcllungsort und Gerichtsstand f\u00fcr alle Streitigkeiten, auch f\u00fcr Wechsel- und Scheckverbindlichkeiten, ist Erlangen.<\/p>\n\n\n\n<p>Erlangen, 2020<\/p>\n","protected":false},"excerpt":{"rendered":"<p>www.brandhill.de ist eine Seite derIDEENHEIMATMarketingberatung und WerbeagenturAlexander Hill Pr\u00e4ambel Diese Allgemeinen Gesch\u00e4ftsbedingungen enthalten allgemein branchen\u00fcbliche und anerkannte Regeln und sind f\u00fcr die reibungslose Zusammenarbeit zwischen Alexander Hill . Marketingberatung und Werbeagentur (nachstehend \u201eAgentur\u201c) und ihren Auftraggebern (nachstehend \u201eWerbetreibende\u201c) zu verstehen. F\u00fcr den Vertrag gelten ausschlie\u00dflich unsere AGB; andere Bedingungen werden nicht Vertragsinhalt, auch wenn wir &hellip; <\/p>\n<p class=\"link-more\"><a href=\"http:\/\/brandhill.de\/?page_id=26\" class=\"more-link\"><span class=\"screen-reader-text\">\u201eAGB\u201c<\/span> weiterlesen<\/a><\/p>\n","protected":false},"author":1,"featured_media":0,"parent":0,"menu_order":0,"comment_status":"closed","ping_status":"closed","template":"","meta":[],"_links":{"self":[{"href":"http:\/\/brandhill.de\/index.php?rest_route=\/wp\/v2\/pages\/26"}],"collection":[{"href":"http:\/\/brandhill.de\/index.php?rest_route=\/wp\/v2\/pages"}],"about":[{"href":"http:\/\/brandhill.de\/index.php?rest_route=\/wp\/v2\/types\/page"}],"author":[{"embeddable":true,"href":"http:\/\/brandhill.de\/index.php?rest_route=\/wp\/v2\/users\/1"}],"replies":[{"embeddable":true,"href":"http:\/\/brandhill.de\/index.php?rest_route=%2Fwp%2Fv2%2Fcomments&post=26"}],"version-history":[{"count":1,"href":"http:\/\/brandhill.de\/index.php?rest_route=\/wp\/v2\/pages\/26\/revisions"}],"predecessor-version":[{"id":27,"href":"http:\/\/brandhill.de\/index.php?rest_route=\/wp\/v2\/pages\/26\/revisions\/27"}],"wp:attachment":[{"href":"http:\/\/brandhill.de\/index.php?rest_route=%2Fwp%2Fv2%2Fmedia&parent=26"}],"curies":[{"name":"wp","href":"https:\/\/api.w.org\/{rel}","templated":true}]}}